{"id":600,"date":"2021-02-13T17:27:00","date_gmt":"2021-02-13T16:27:00","guid":{"rendered":"http:\/\/www.efcatsolsbeton.fr\/?page_id=600"},"modified":"2021-02-16T16:49:35","modified_gmt":"2021-02-16T15:49:35","slug":"1-les-fondamentaux-du-beton","status":"publish","type":"page","link":"http:\/\/www.efcatsolsbeton.fr\/index.php\/1-les-fondamentaux-du-beton\/","title":{"rendered":"01 &#8211; LES FONDAMENTAUX"},"content":{"rendered":"\t\t<div data-elementor-type=\"wp-page\" data-elementor-id=\"600\" class=\"elementor elementor-600\" data-elementor-settings=\"[]\">\n\t\t\t\t\t\t<div class=\"elementor-inner\">\n\t\t\t\t\t\t\t<div class=\"elementor-section-wrap\">\n\t\t\t\t\t\t\t<section class=\"elementor-section elementor-top-section elementor-element elementor-element-7b1dcf27 elementor-section-boxed elementor-section-height-default elementor-section-height-default\" data-id=\"7b1dcf27\" data-element_type=\"section\">\n\t\t\t\t\t\t<div class=\"elementor-container elementor-column-gap-default\">\n\t\t\t\t\t\t\t<div class=\"elementor-row\">\n\t\t\t\t\t<div class=\"elementor-column elementor-col-100 elementor-top-column elementor-element elementor-element-97db671\" data-id=\"97db671\" data-element_type=\"column\">\n\t\t\t<div class=\"elementor-column-wrap elementor-element-populated\">\n\t\t\t\t\t\t\t<div class=\"elementor-widget-wrap\">\n\t\t\t\t\t\t<div class=\"elementor-element elementor-element-b111eee elementor-widget elementor-widget-image\" data-id=\"b111eee\" data-element_type=\"widget\" data-widget_type=\"image.default\">\n\t\t\t\t<div class=\"elementor-widget-container\">\n\t\t\t\t\t<div class=\"elementor-image\">\n\t\t\t\t\t\t\t\t\t\t<img width=\"150\" height=\"150\" src=\"http:\/\/www.efcatsolsbeton.fr\/wp-content\/uploads\/2021\/02\/Picto_datadocke-150x150.jpg\" class=\"attachment-thumbnail size-thumbnail\" alt=\"\" loading=\"lazy\" \/>\t\t\t\t\t\t\t\t\t\t\t<\/div>\n\t\t\t\t<\/div>\n\t\t\t\t<\/div>\n\t\t\t\t<div class=\"elementor-element elementor-element-3e48f343 elementor-widget elementor-widget-text-editor\" data-id=\"3e48f343\" data-element_type=\"widget\" data-widget_type=\"text-editor.default\">\n\t\t\t\t<div class=\"elementor-widget-container\">\n\t\t\t\t\t<div class=\"elementor-text-editor elementor-clearfix\"><!-- wp:heading -->\n<h2><span style=\"color: #ff9900;\">LES FONDAMENTAUX DU B\u00c9TON<\/span><\/h2>\n<!-- \/wp:heading --><!-- wp:paragraph -->\n<p><strong>R\u00c9F\u00c9RENCE<\/strong> : F4SB-MF-001<br \/><strong>DUR\u00c9E<\/strong> : 4 JOURS ou 2&#215;2 jours (28H)<\/p>\n<!-- \/wp:paragraph --><!-- wp:paragraph -->\n<p><span style=\"color: #ff9900;\"><strong>PR\u00c9SENTATION ET OBJECTIFS<\/strong><\/span><\/p>\n<!-- \/wp:paragraph --><!-- wp:paragraph -->\n<p>Connaissance et ma\u00eetrise :<\/p>\n<!-- \/wp:paragraph --><!-- wp:list -->\n<ul>\n<li>des constituants d&rsquo;un b\u00e9ton<\/li>\n<li>de sa fabrication<\/li>\n<li>des contr\u00f4les<\/li>\n<li>des r\u00e8gles de l&rsquo;art<\/li>\n<\/ul>\n<!-- \/wp:list --><!-- wp:paragraph -->\n<p>Pr\u00e9paration et mise en oeuvre de b\u00e9ton d\u00e9coratif.<\/p>\n<!-- \/wp:paragraph --><!-- wp:paragraph -->\n<p><span style=\"color: #ff9900;\"><strong>OBJECTIFS P\u00c9DAGOGIQUES<\/strong><\/span><\/p>\n<!-- \/wp:paragraph --><!-- wp:paragraph -->\n<p>A l&rsquo;issue de la formation, le stagiaire renforcera son professionnalisme et son savoir-faire dans la r\u00e9alisation de sol en b\u00e9ton d\u00e9coratif et mettra en place des d\u00e9marches de progr\u00e8s dans sa collaboration et ses \u00e9changes avec les clients, les fabricants de b\u00e9ton et fournisseurs de produits sp\u00e9ciaux.<\/p>\n<!-- \/wp:paragraph --><!-- wp:paragraph -->\n<p><span style=\"color: #ff9900;\"><strong>PUBLIC CIBLE<\/strong><\/span><\/p>\n<!-- \/wp:paragraph --><!-- wp:list -->\n<ul>\n<li>Techniciens bureau d\u2019\u00e9tude et m\u00e9thode<\/li>\n<li>Conducteurs d\u2019op\u00e9rations et de travaux<\/li>\n<li>Chefs de chantier ou d\u2019\u00e9quipe<\/li>\n<\/ul>\n<!-- \/wp:list --><!-- wp:paragraph -->\n<p><span style=\"color: #ff9900;\"><strong>PR\u00c9-REQUIS<\/strong><\/span><\/p>\n<!-- \/wp:paragraph --><!-- wp:list -->\n<ul>\n<li>Notion de ma\u00e7onnerie<\/li>\n<li>Savoir faire des calculs simples<\/li>\n<li>\u00catre \u00e0 l\u2019aise en collaboration<\/li>\n<li>Avoir \u00e9t\u00e9 en contact avec le b\u00e9ton<\/li>\n<\/ul>\n<!-- \/wp:list --><!-- wp:paragraph -->\n<p><span style=\"color: #ff9900;\"><strong>ANIMATION<\/strong><\/span><\/p>\n<!-- \/wp:paragraph --><!-- wp:list -->\n<ul>\n<li>Sp\u00e9cialiste expert en r\u00e9alisation de sols en b\u00e9ton d\u00e9coratif.<\/li>\n<li>Animation avec support projet\u00e9.<\/li>\n<li>Transmission du contenu de formation en support papier.<\/li>\n<li>Application et mise en oeuvre de surfaces en b\u00e9ton<\/li>\n<\/ul>\n<!-- \/wp:list --><!-- wp:paragraph -->\n<p><span style=\"color: #ff9900;\"><strong>MODALIT\u00c9S P\u00c9DAGOGIQUES<\/strong><\/span><\/p>\n<!-- \/wp:paragraph --><!-- wp:list -->\n<ul>\n<li>Alternance d\u2019expos\u00e9s, de cas pratiques et d\u2019exp\u00e9riences<\/li>\n<li>Manipulations p\u00e9dagogiques de mat\u00e9riaux et mat\u00e9riels<\/li>\n<li>Visites de centrales de production et de laboratoires de contr\u00f4le<\/li>\n<li>Manipulations de mat\u00e9riels de contr\u00f4le<\/li>\n<\/ul>\n<!-- \/wp:list --><!-- wp:paragraph -->\n<p><span style=\"color: #ff9900;\"><strong>\u00c9VALUATION<\/strong><\/span><\/p>\n<!-- \/wp:paragraph --><!-- wp:list -->\n<ul>\n<li>Quiz \/ QCM<\/li>\n<li>Attestation de fin de formation<\/li>\n<li>\u00e9valuations sur planches p\u00e9dagogiques.<\/li>\n<\/ul>\n<!-- \/wp:list --><!-- wp:paragraph -->\n<p>\u00a0<\/p>\n<!-- \/wp:paragraph --><!-- wp:paragraph -->\n<p>\u00a0<\/p>\n<!-- \/wp:paragraph --><\/div>\n\t\t\t\t<\/div>\n\t\t\t\t<\/div>\n\t\t\t\t\t\t<\/div>\n\t\t\t\t\t<\/div>\n\t\t<\/div>\n\t\t\t\t\t\t\t\t<\/div>\n\t\t\t\t\t<\/div>\n\t\t<\/section>\n\t\t\t\t\t\t<\/div>\n\t\t\t\t\t\t<\/div>\n\t\t\t\t\t<\/div>\n\t\t","protected":false},"excerpt":{"rendered":"<p>LES FONDAMENTAUX DU B\u00c9TON R\u00c9F\u00c9RENCE : F4SB-MF-001DUR\u00c9E : 4 JOURS ou 2&#215;2 jours (28H) PR\u00c9SENTATION ET OBJECTIFS Connaissance et ma\u00eetrise : des constituants d&rsquo;un b\u00e9ton de sa fabrication des contr\u00f4les des r\u00e8gles de l&rsquo;art Pr\u00e9paration et mise en oeuvre de b\u00e9ton d\u00e9coratif. OBJECTIFS P\u00c9DAGOGIQUES A l&rsquo;issue de la formation, le stagiaire renforcera son professionnalisme et [&hellip;]<\/p>\n","protected":false},"author":1,"featured_media":0,"parent":0,"menu_order":0,"comment_status":"closed","ping_status":"closed","template":"","meta":{"spay_email":""},"_links":{"self":[{"href":"http:\/\/www.efcatsolsbeton.fr\/index.php\/wp-json\/wp\/v2\/pages\/600"}],"collection":[{"href":"http:\/\/www.efcatsolsbeton.fr\/index.php\/wp-json\/wp\/v2\/pages"}],"about":[{"href":"http:\/\/www.efcatsolsbeton.fr\/index.php\/wp-json\/wp\/v2\/types\/page"}],"author":[{"embeddable":true,"href":"http:\/\/www.efcatsolsbeton.fr\/index.php\/wp-json\/wp\/v2\/users\/1"}],"replies":[{"embeddable":true,"href":"http:\/\/www.efcatsolsbeton.fr\/index.php\/wp-json\/wp\/v2\/comments?post=600"}],"version-history":[{"count":22,"href":"http:\/\/www.efcatsolsbeton.fr\/index.php\/wp-json\/wp\/v2\/pages\/600\/revisions"}],"predecessor-version":[{"id":681,"href":"http:\/\/www.efcatsolsbeton.fr\/index.php\/wp-json\/wp\/v2\/pages\/600\/revisions\/681"}],"wp:attachment":[{"href":"http:\/\/www.efcatsolsbeton.fr\/index.php\/wp-json\/wp\/v2\/media?parent=600"}],"curies":[{"name":"wp","href":"https:\/\/api.w.org\/{rel}","templated":true}]}}