{"id":622,"date":"2021-02-14T12:37:19","date_gmt":"2021-02-14T11:37:19","guid":{"rendered":"http:\/\/www.efcatsolsbeton.fr\/?page_id=622"},"modified":"2021-02-16T16:51:27","modified_gmt":"2021-02-16T15:51:27","slug":"les-finitions-elementaires","status":"publish","type":"page","link":"http:\/\/www.efcatsolsbeton.fr\/index.php\/les-finitions-elementaires\/","title":{"rendered":"02 &#8211; LES FINITIONS ELEMENTAIRES"},"content":{"rendered":"\t\t<div data-elementor-type=\"wp-page\" data-elementor-id=\"622\" class=\"elementor elementor-622\" data-elementor-settings=\"[]\">\n\t\t\t\t\t\t<div class=\"elementor-inner\">\n\t\t\t\t\t\t\t<div class=\"elementor-section-wrap\">\n\t\t\t\t\t\t\t<section class=\"elementor-section elementor-top-section elementor-element elementor-element-4688cb2 elementor-section-boxed elementor-section-height-default elementor-section-height-default\" data-id=\"4688cb2\" data-element_type=\"section\">\n\t\t\t\t\t\t<div class=\"elementor-container elementor-column-gap-default\">\n\t\t\t\t\t\t\t<div class=\"elementor-row\">\n\t\t\t\t\t<div class=\"elementor-column elementor-col-100 elementor-top-column elementor-element elementor-element-ea6b4e5\" data-id=\"ea6b4e5\" data-element_type=\"column\">\n\t\t\t<div class=\"elementor-column-wrap elementor-element-populated\">\n\t\t\t\t\t\t\t<div class=\"elementor-widget-wrap\">\n\t\t\t\t\t\t<div class=\"elementor-element elementor-element-9ae59d7 elementor-widget elementor-widget-image\" data-id=\"9ae59d7\" data-element_type=\"widget\" data-widget_type=\"image.default\">\n\t\t\t\t<div class=\"elementor-widget-container\">\n\t\t\t\t\t<div class=\"elementor-image\">\n\t\t\t\t\t\t\t\t\t\t<img width=\"150\" height=\"150\" src=\"http:\/\/www.efcatsolsbeton.fr\/wp-content\/uploads\/2021\/02\/Picto_datadocke-150x150.jpg\" class=\"attachment-thumbnail size-thumbnail\" alt=\"\" loading=\"lazy\" \/>\t\t\t\t\t\t\t\t\t\t\t<\/div>\n\t\t\t\t<\/div>\n\t\t\t\t<\/div>\n\t\t\t\t<div class=\"elementor-element elementor-element-7a4849a elementor-widget elementor-widget-text-editor\" data-id=\"7a4849a\" data-element_type=\"widget\" data-widget_type=\"text-editor.default\">\n\t\t\t\t<div class=\"elementor-widget-container\">\n\t\t\t\t\t<div class=\"elementor-text-editor elementor-clearfix\"><h1><span style=\"color: #ff9900;\">LES FINITIONS \u00c9L\u00c9MENTAIRES<\/span><\/h1><p><strong>R\u00c9F\u00c9RENCE :<\/strong> F4SB-MF-002<\/p><p><strong>DUR\u00c9E :<\/strong> 2 JOURS (14H)<\/p><p><span style=\"color: #ff9900;\"><strong>PR\u00c9SENTATION ET OBJECTIFS<\/strong><\/span><\/p><p>Connaissance et ma\u00eetrise des finitions \u00e9l\u00e9mentaires et sup\u00e9rieures de sols en b\u00e9ton pour l\u2019ext\u00e9rieur :<\/p><ul><li>b\u00e9ton liss\u00e9,<\/li><li>b\u00e9ton bross\u00e9,<\/li><li>b\u00e9ton stri\u00e9,<\/li><li>b\u00e9ton taloch\u00e9,<\/li><li>b\u00e9ton frott\u00e9\u2026<\/li><\/ul><p><span style=\"color: #ff9900;\"><strong>OBJECTIFS P\u00c9DAGOGIQUES<\/strong><\/span><\/p><p>A l&rsquo;issue de la formation, le stagiaire aura toutes les connaissances requises pour la r\u00e9alisation des b\u00e9tons liss\u00e9s, balay\u00e9s, bross\u00e9s et sera en mesure de cr\u00e9er des structurations originales et uniques dans les am\u00e9nagements en b\u00e9ton d\u00e9coratif<\/p><p><span style=\"color: #ff9900;\"><strong>PUBLIC CIBLE<\/strong><\/span><\/p><ul><li>Conducteurs d\u2019op\u00e9rations et de travaux<\/li><li>Chefs de chantier ou d\u2019\u00e9quipe<\/li><li>Compagnons ma\u00e7ons professionnels et qualifi\u00e9s<\/li><\/ul><p><span style=\"color: #ff9900;\"><strong>PR\u00c9-REQUIS<\/strong><\/span><\/p><ul><li>Notion de ma\u00e7onnerie<\/li><li>Savoir faire des calculs simples<\/li><li>Avoir \u00e9t\u00e9 en contact avec le b\u00e9ton<\/li><li>Connaitre les fondamentaux du b\u00e9ton<\/li><\/ul><p><span style=\"color: #ff9900;\"><strong>ANIMATION<\/strong><\/span><\/p><ul><li>Sp\u00e9cialiste et expert en r\u00e9alisation de sols en b\u00e9ton d\u00e9coratif.<\/li><li>Animation avec support projet\u00e9.<\/li><li>Transmission du contenu de formation en support papier.<\/li><li>Application et mise en oeuvre de surfaces en b\u00e9ton<\/li><\/ul><p><span style=\"color: #ff9900;\"><strong>MODALIT\u00c9S P\u00c9DAGOGIQUES<\/strong><\/span><\/p><ul><li>2 demi-journ\u00e9es th\u00e9oriques et 2 demi-journ\u00e9es pratiques<\/li><li>Manipulations p\u00e9dagogiques de mat\u00e9riaux et mat\u00e9riels<\/li><li>D\u00e9couvertes des mat\u00e9riaux et mat\u00e9riels n\u00e9cessaires \u00e0 la mise en oeuvre.<\/li><li>Manipulations de mat\u00e9riels de contr\u00f4le<\/li><li>Mise en oeuvre sur planches p\u00e9dagogiques de b\u00e9tons liss\u00e9s et textur\u00e9s.<\/li><\/ul><p><span style=\"color: #ff9900;\"><strong>\u00c9VALUATION<\/strong><\/span><\/p><ul><li>Quiz \/ QCM<\/li><li>Attestation de fin de formation<\/li><li>Evaluations sur planches p\u00e9dagogiques.<\/li><\/ul><\/div>\n\t\t\t\t<\/div>\n\t\t\t\t<\/div>\n\t\t\t\t\t\t<\/div>\n\t\t\t\t\t<\/div>\n\t\t<\/div>\n\t\t\t\t\t\t\t\t<\/div>\n\t\t\t\t\t<\/div>\n\t\t<\/section>\n\t\t\t\t\t\t<\/div>\n\t\t\t\t\t\t<\/div>\n\t\t\t\t\t<\/div>\n\t\t","protected":false},"excerpt":{"rendered":"<p>LES FINITIONS \u00c9L\u00c9MENTAIRES R\u00c9F\u00c9RENCE : F4SB-MF-002 DUR\u00c9E : 2 JOURS (14H) PR\u00c9SENTATION ET OBJECTIFS Connaissance et ma\u00eetrise des finitions \u00e9l\u00e9mentaires et sup\u00e9rieures de sols en b\u00e9ton pour l\u2019ext\u00e9rieur : b\u00e9ton liss\u00e9, b\u00e9ton bross\u00e9, b\u00e9ton stri\u00e9, b\u00e9ton taloch\u00e9, b\u00e9ton frott\u00e9\u2026 OBJECTIFS P\u00c9DAGOGIQUES A l&rsquo;issue de la formation, le stagiaire aura toutes les connaissances requises pour la [&hellip;]<\/p>\n","protected":false},"author":1,"featured_media":0,"parent":0,"menu_order":0,"comment_status":"closed","ping_status":"closed","template":"","meta":{"spay_email":""},"_links":{"self":[{"href":"http:\/\/www.efcatsolsbeton.fr\/index.php\/wp-json\/wp\/v2\/pages\/622"}],"collection":[{"href":"http:\/\/www.efcatsolsbeton.fr\/index.php\/wp-json\/wp\/v2\/pages"}],"about":[{"href":"http:\/\/www.efcatsolsbeton.fr\/index.php\/wp-json\/wp\/v2\/types\/page"}],"author":[{"embeddable":true,"href":"http:\/\/www.efcatsolsbeton.fr\/index.php\/wp-json\/wp\/v2\/users\/1"}],"replies":[{"embeddable":true,"href":"http:\/\/www.efcatsolsbeton.fr\/index.php\/wp-json\/wp\/v2\/comments?post=622"}],"version-history":[{"count":12,"href":"http:\/\/www.efcatsolsbeton.fr\/index.php\/wp-json\/wp\/v2\/pages\/622\/revisions"}],"predecessor-version":[{"id":684,"href":"http:\/\/www.efcatsolsbeton.fr\/index.php\/wp-json\/wp\/v2\/pages\/622\/revisions\/684"}],"wp:attachment":[{"href":"http:\/\/www.efcatsolsbeton.fr\/index.php\/wp-json\/wp\/v2\/media?parent=622"}],"curies":[{"name":"wp","href":"https:\/\/api.w.org\/{rel}","templated":true}]}}