{"id":639,"date":"2021-02-16T10:46:35","date_gmt":"2021-02-16T09:46:35","guid":{"rendered":"http:\/\/www.efcatsolsbeton.fr\/?page_id=639"},"modified":"2021-02-16T16:56:07","modified_gmt":"2021-02-16T15:56:07","slug":"3-les-betons-desactives","status":"publish","type":"page","link":"http:\/\/www.efcatsolsbeton.fr\/index.php\/3-les-betons-desactives\/","title":{"rendered":"03 &#8211; LES B\u00c9TONS D\u00c9SACTIVES"},"content":{"rendered":"\t\t<div data-elementor-type=\"wp-page\" data-elementor-id=\"639\" class=\"elementor elementor-639\" data-elementor-settings=\"[]\">\n\t\t\t\t\t\t<div class=\"elementor-inner\">\n\t\t\t\t\t\t\t<div class=\"elementor-section-wrap\">\n\t\t\t\t\t\t\t<section class=\"elementor-section elementor-top-section elementor-element elementor-element-51662a3 elementor-section-boxed elementor-section-height-default elementor-section-height-default\" data-id=\"51662a3\" data-element_type=\"section\">\n\t\t\t\t\t\t<div class=\"elementor-container elementor-column-gap-default\">\n\t\t\t\t\t\t\t<div class=\"elementor-row\">\n\t\t\t\t\t<div class=\"elementor-column elementor-col-100 elementor-top-column elementor-element elementor-element-9551310\" data-id=\"9551310\" data-element_type=\"column\">\n\t\t\t<div class=\"elementor-column-wrap elementor-element-populated\">\n\t\t\t\t\t\t\t<div class=\"elementor-widget-wrap\">\n\t\t\t\t\t\t<div class=\"elementor-element elementor-element-412e659 elementor-widget elementor-widget-image\" data-id=\"412e659\" data-element_type=\"widget\" data-widget_type=\"image.default\">\n\t\t\t\t<div class=\"elementor-widget-container\">\n\t\t\t\t\t<div class=\"elementor-image\">\n\t\t\t\t\t\t\t\t\t\t<img width=\"150\" height=\"150\" src=\"http:\/\/www.efcatsolsbeton.fr\/wp-content\/uploads\/2021\/02\/Picto_datadocke-150x150.jpg\" class=\"attachment-thumbnail size-thumbnail\" alt=\"\" loading=\"lazy\" \/>\t\t\t\t\t\t\t\t\t\t\t<\/div>\n\t\t\t\t<\/div>\n\t\t\t\t<\/div>\n\t\t\t\t<div class=\"elementor-element elementor-element-2088b57 elementor-widget elementor-widget-text-editor\" data-id=\"2088b57\" data-element_type=\"widget\" data-widget_type=\"text-editor.default\">\n\t\t\t\t<div class=\"elementor-widget-container\">\n\t\t\t\t\t<div class=\"elementor-text-editor elementor-clearfix\"><p><span style=\"color: #ff9900;\">LES B\u00c9TONS D\u00c9SACTIVES<\/span><\/p><p><span style=\"color: #ff9900;\">R\u00c9F\u00c9RENCE<\/span> :F4sb-MF-003<br \/><span style=\"color: #ff9900;\">DUR\u00c9E<\/span> : 2 JOURS &#8211; 14H00<\/p><p>demi-journ\u00e9es th\u00e9oriques et 2 demi-journ\u00e9es pratiques<\/p><p><span style=\"color: #ff9900;\">PR\u00c9SENTATION ET OBJECTIFS<\/span> <\/p><ul><li>Les b\u00e9tons d\u00e9sactiv\u00e9s<\/li><li>Maitrise<\/li><li>Expertise<\/li><\/ul><p><span style=\"color: #ff9900;\">OBJECTIFS P\u00c9DAGOGIQUES<\/span><\/p><p>A l&rsquo;issue de la formation, le stagiaire aura toute les connaissances requises pour la r\u00e9alisation des b\u00e9tons d\u00e9sactiv\u00e9s. Il sera en mesure de proposer et de r\u00e9aliser des finitions de b\u00e9ton d\u00e9sactiv\u00e9 originales adapt\u00e9es \u00e0 tout type d\u2019usage (voirie pi\u00e9tonne, voirie l\u00e9g\u00e8re, voirie lourde).<\/p><p><span style=\"color: #ff9900;\">PUBLIC CIBLE<\/span><\/p><ul><li>Conducteurs d\u2019op\u00e9rations et de travaux<\/li><li>Chefs de chantier ou d\u2019\u00e9quipe<\/li><li>Compagnons ma\u00e7ons professionnels<\/li><\/ul><p><span style=\"color: #ff9900;\">PR\u00c9-REQUIS<\/span><\/p><ul><li>Notion de ma\u00e7onnerie<\/li><li>Savoir des calculs simples<\/li><li>Avoir \u00e9t\u00e9 en contact avec le b\u00e9ton<\/li><li>Connaitre les fondamentaux du b\u00e9ton<\/li><\/ul><p><span style=\"color: #ff9900;\">ANIMATION<\/span> <\/p><ul><li>Sp\u00e9cialiste et expert en r\u00e9alisation de sols en b\u00e9ton d\u00e9coratif.<\/li><li>Animation avec support projet\u00e9.<\/li><li>Transmission du contenu de formation en support papier<\/li><\/ul><p><br \/><span style=\"color: #ff9900;\">MODALIT\u00c9S P\u00c9DAGOGIQUES<\/span><\/p><ul><li>Application et mise en \u0153uvre de surfaces en b\u00e9ton.<\/li><li>Manipulations p\u00e9dagogiques de mat\u00e9riaux et mat\u00e9riels.<\/li><li>D\u00e9couvertes des mat\u00e9riaux et mat\u00e9riels n\u00e9cessaires \u00e0 la mise en \u0153uvre.<\/li><li>Manipulations de mat\u00e9riels de contr\u00f4le.<\/li><li>Mises en \u0153uvre sur planches p\u00e9dagogiques de b\u00e9tons d\u00e9sactiv\u00e9s.<\/li><\/ul><p><span style=\"color: #ff9900;\">VALIDATION DES ACQUIS<\/span><br \/>\u2713 Quizz &#8211; QCM &#8211; Attestation de fin de formation &#8211; \u00e9valuations sur planches<br \/>p\u00e9dagogiques.<\/p><\/div>\n\t\t\t\t<\/div>\n\t\t\t\t<\/div>\n\t\t\t\t\t\t<\/div>\n\t\t\t\t\t<\/div>\n\t\t<\/div>\n\t\t\t\t\t\t\t\t<\/div>\n\t\t\t\t\t<\/div>\n\t\t<\/section>\n\t\t\t\t\t\t<\/div>\n\t\t\t\t\t\t<\/div>\n\t\t\t\t\t<\/div>\n\t\t","protected":false},"excerpt":{"rendered":"<p>LES B\u00c9TONS D\u00c9SACTIVES R\u00c9F\u00c9RENCE :F4sb-MF-003DUR\u00c9E : 2 JOURS &#8211; 14H00 demi-journ\u00e9es th\u00e9oriques et 2 demi-journ\u00e9es pratiques PR\u00c9SENTATION ET OBJECTIFS Les b\u00e9tons d\u00e9sactiv\u00e9s Maitrise Expertise OBJECTIFS P\u00c9DAGOGIQUES A l&rsquo;issue de la formation, le stagiaire aura toute les connaissances requises pour la r\u00e9alisation des b\u00e9tons d\u00e9sactiv\u00e9s. Il sera en mesure de proposer et de r\u00e9aliser des finitions [&hellip;]<\/p>\n","protected":false},"author":1,"featured_media":0,"parent":0,"menu_order":0,"comment_status":"closed","ping_status":"closed","template":"","meta":{"spay_email":""},"_links":{"self":[{"href":"http:\/\/www.efcatsolsbeton.fr\/index.php\/wp-json\/wp\/v2\/pages\/639"}],"collection":[{"href":"http:\/\/www.efcatsolsbeton.fr\/index.php\/wp-json\/wp\/v2\/pages"}],"about":[{"href":"http:\/\/www.efcatsolsbeton.fr\/index.php\/wp-json\/wp\/v2\/types\/page"}],"author":[{"embeddable":true,"href":"http:\/\/www.efcatsolsbeton.fr\/index.php\/wp-json\/wp\/v2\/users\/1"}],"replies":[{"embeddable":true,"href":"http:\/\/www.efcatsolsbeton.fr\/index.php\/wp-json\/wp\/v2\/comments?post=639"}],"version-history":[{"count":18,"href":"http:\/\/www.efcatsolsbeton.fr\/index.php\/wp-json\/wp\/v2\/pages\/639\/revisions"}],"predecessor-version":[{"id":688,"href":"http:\/\/www.efcatsolsbeton.fr\/index.php\/wp-json\/wp\/v2\/pages\/639\/revisions\/688"}],"wp:attachment":[{"href":"http:\/\/www.efcatsolsbeton.fr\/index.php\/wp-json\/wp\/v2\/media?parent=639"}],"curies":[{"name":"wp","href":"https:\/\/api.w.org\/{rel}","templated":true}]}}